{"id":87199,"date":"2021-01-20T14:47:17","date_gmt":"2021-01-20T13:47:17","guid":{"rendered":"http:\/\/keylogy.world\/keylogy-startseite\/"},"modified":"2022-04-01T14:51:20","modified_gmt":"2022-04-01T12:51:20","slug":"keylogy-startseite","status":"publish","type":"page","link":"https:\/\/keylogy.world\/de\/","title":{"rendered":"Keylogy &#8211; Die p\u00e4dagogischen Hilfsmittel von Keylogy erleichtern das Erlernen des Musikinstruments"},"content":{"rendered":"<div class=\"wpb-content-wrapper\"><p>[vc_row row_height_percent=&#8220;100&#8243; override_padding=&#8220;yes&#8220; h_padding=&#8220;2&#8243; top_padding=&#8220;5&#8243; bottom_padding=&#8220;7&#8243; back_image=&#8220;87418&#8243; back_position=&#8220;center center&#8220; overlay_color=&#8220;color-nhtu&#8220; overlay_alpha=&#8220;10&#8243; gutter_size=&#8220;3&#8243; column_width_percent=&#8220;100&#8243; shift_y=&#8220;0&#8243; z_index=&#8220;0&#8243; enable_bottom_divider=&#8220;default&#8220; bottom_divider_inv=&#8220;book&#8220; shape_bottom_invert=&#8220;yes&#8220; shape_bottom_h_use_pixel=&#8220;&#8220; shape_bottom_height=&#8220;100&#8243; shape_bottom_opacity=&#8220;100&#8243; shape_bottom_index=&#8220;0&#8243;][vc_column column_width_percent=&#8220;100&#8243; position_vertical=&#8220;middle&#8220; align_horizontal=&#8220;align_center&#8220; gutter_size=&#8220;3&#8243; overlay_alpha=&#8220;50&#8243; shift_x=&#8220;0&#8243; shift_y=&#8220;0&#8243; shift_y_down=&#8220;0&#8243; z_index=&#8220;0&#8243; medium_width=&#8220;0&#8243; mobile_width=&#8220;0&#8243; width=&#8220;1\/1&#8243;][vc_row_inner limit_content=&#8220;&#8220;][vc_column_inner column_width_use_pixel=&#8220;yes&#8220; position_vertical=&#8220;middle&#8220; gutter_size=&#8220;3&#8243; style=&#8220;dark&#8220; overlay_alpha=&#8220;50&#8243; shift_x=&#8220;0&#8243; shift_y=&#8220;0&#8243; shift_y_down=&#8220;0&#8243; z_index=&#8220;0&#8243; medium_width=&#8220;0&#8243; mobile_width=&#8220;0&#8243; width=&#8220;1\/1&#8243;][vc_single_image media=&#8220;86584&#8243; media_width_use_pixel=&#8220;yes&#8220; media_width_pixel=&#8220;200&#8243; uncode_shortcode_id=&#8220;160157&#8243;][vc_separator sep_color=&#8220;accent&#8220; el_width=&#8220;60px&#8220; el_height=&#8220;1px&#8220; uncode_shortcode_id=&#8220;350472&#8243; sep_color_type=&#8220;uncode-palette&#8220;][vc_custom_heading text_color=&#8220;color-186510&#8243; text_font=&#8220;font-175345&#8243; text_size=&#8220;h1&#8243; text_weight=&#8220;500&#8243; text_height=&#8220;fontheight-357766&#8243; title=&#8220;&#8220; uncode_shortcode_id=&#8220;150997&#8243; text_color_type=&#8220;uncode-palette&#8220;]Die p\u00e4dagogischen Hilfsmittel von Keylogy<br \/>\nerleichtern das Erlernen des Musikinstruments.[\/vc_custom_heading][vc_icon icon=&#8220;fa fa-arrow-down2&#8243; icon_color=&#8220;color-117067&#8243; background_style=&#8220;fa-rounded&#8220; link=&#8220;url:%23uber&#8220; uncode_shortcode_id=&#8220;125712&#8243; icon_color_type=&#8220;uncode-palette&#8220;][\/vc_icon][\/vc_column_inner][\/vc_row_inner][\/vc_column][\/vc_row][vc_row row_height_percent=&#8220;0&#8243; override_padding=&#8220;yes&#8220; h_padding=&#8220;2&#8243; top_padding=&#8220;7&#8243; bottom_padding=&#8220;7&#8243; back_image=&#8220;87196&#8243; back_position=&#8220;center top&#8220; overlay_alpha=&#8220;50&#8243; gutter_size=&#8220;3&#8243; column_width_percent=&#8220;100&#8243; shift_y=&#8220;0&#8243; z_index=&#8220;0&#8243; row_name=&#8220;uber&#8220;][vc_column column_width_percent=&#8220;100&#8243; gutter_size=&#8220;4&#8243; overlay_alpha=&#8220;50&#8243; shift_x=&#8220;0&#8243; shift_y=&#8220;0&#8243; shift_y_down=&#8220;0&#8243; z_index=&#8220;0&#8243; medium_width=&#8220;0&#8243; mobile_width=&#8220;0&#8243; width=&#8220;1\/1&#8243;][vc_row_inner row_inner_height_percent=&#8220;0&#8243; overlay_alpha=&#8220;50&#8243; gutter_size=&#8220;3&#8243; shift_y=&#8220;0&#8243; z_index=&#8220;0&#8243; limit_content=&#8220;&#8220;][vc_column_inner column_width_percent=&#8220;100&#8243; gutter_size=&#8220;2&#8243; overlay_alpha=&#8220;50&#8243; shift_x=&#8220;0&#8243; shift_y=&#8220;0&#8243; shift_y_down=&#8220;0&#8243; z_index=&#8220;0&#8243; medium_width=&#8220;0&#8243; mobile_width=&#8220;0&#8243; css_animation=&#8220;alpha-anim&#8220; animation_speed=&#8220;600&#8243; animation_delay=&#8220;200&#8243; width=&#8220;6\/12&#8243;][vc_custom_heading text_color=&#8220;color-186510&#8243; text_size=&#8220;h3&#8243; text_weight=&#8220;600&#8243;]Keylogy ist eine neue Plattform f\u00fcr die Entwicklung und F\u00f6rderung von p\u00e4dagogischen Hilfsmitteln f\u00fcr den Klavierunterricht und das Erlernen des Klavierspiels.[\/vc_custom_heading][vc_column_text]Jede\/r LehrerIn ist im Unterricht mit praktischen Problemen konfrontiert und muss sich mit den verf\u00fcgbaren Mitteln behelfen.<br \/>\nKeylogy bietet L\u00f6sungen f\u00fcr bessere Unterrichtsbedingungen und f\u00fcr Lernende Hilfsmittel f\u00fcr effizientes \u00dcben zuhause.[\/vc_column_text][vc_empty_space empty_h=&#8220;1&#8243;][vc_button button_color=&#8220;color-117067&#8243; border_animation=&#8220;btn-ripple-out&#8220; border_width=&#8220;0&#8243; link=&#8220;url:http%3A%2F%2Fkeylogy.world%2Fde%2Fshop%2F|title:Warenkorb&#8220;]Entdecken Sie unsere Produkte[\/vc_button][\/vc_column_inner][vc_column_inner column_width_percent=&#8220;100&#8243; gutter_size=&#8220;4&#8243; overlay_alpha=&#8220;50&#8243; shift_x=&#8220;0&#8243; shift_y=&#8220;0&#8243; shift_y_down=&#8220;0&#8243; z_index=&#8220;0&#8243; medium_width=&#8220;0&#8243; mobile_width=&#8220;0&#8243; width=&#8220;3\/12&#8243;][vc_icon position=&#8220;left&#8220; icon_image=&#8220;87027&#8243; icon_color=&#8220;accent&#8220; text_font=&#8220;font-762333&#8243; text_size=&#8220;h4&#8243; css_animation=&#8220;alpha-anim&#8220; animation_speed=&#8220;800&#8243; animation_delay=&#8220;400&#8243; title=&#8220;Erfahrung&#8220; link=&#8220;|||&#8220;]Entworfen und entwickelt von einem Klavierlehrer mit langj\u00e4hriger Unterrichtserfahrung.[\/vc_icon][vc_icon position=&#8220;left&#8220; icon_image=&#8220;87028&#8243; icon_color=&#8220;accent&#8220; text_font=&#8220;font-762333&#8243; text_size=&#8220;h4&#8243; css_animation=&#8220;alpha-anim&#8220; animation_speed=&#8220;800&#8243; animation_delay=&#8220;400&#8243; title=&#8220;Schnelle Installation&#8220; link=&#8220;|||&#8220;]Die Hilfsmittel sind leicht zu installieren und anzuwenden.[\/vc_icon][\/vc_column_inner][vc_column_inner column_width_percent=&#8220;100&#8243; gutter_size=&#8220;4&#8243; overlay_alpha=&#8220;50&#8243; shift_x=&#8220;0&#8243; shift_y=&#8220;0&#8243; shift_y_down=&#8220;0&#8243; z_index=&#8220;0&#8243; medium_width=&#8220;0&#8243; mobile_width=&#8220;0&#8243; width=&#8220;3\/12&#8243;][vc_icon position=&#8220;left&#8220; icon_image=&#8220;87030&#8243; icon_color=&#8220;accent&#8220; text_font=&#8220;font-762333&#8243; text_size=&#8220;h4&#8243; css_animation=&#8220;alpha-anim&#8220; animation_speed=&#8220;800&#8243; animation_delay=&#8220;400&#8243; title=&#8220;Forschritt&#8220; link=&#8220;|||&#8220;]Schnelle Fortschritte und Effizienz beim Klavier\u00fcben &#8211; \u00fcberzeugen Sie sich selbst.[\/vc_icon][vc_icon position=&#8220;left&#8220; icon_image=&#8220;87029&#8243; icon_color=&#8220;accent&#8220; text_font=&#8220;font-762333&#8243; text_size=&#8220;h4&#8243; css_animation=&#8220;alpha-anim&#8220; animation_speed=&#8220;800&#8243; animation_delay=&#8220;400&#8243; title=&#8220;Verschiedene Instrumente&#8220; link=&#8220;|||&#8220;]P\u00e4dagogische Hilfsmittel f\u00fcr weitere Instrumente werden in Zukunft verf\u00fcgbar sein.[\/vc_icon][\/vc_column_inner][\/vc_row_inner][\/vc_column][\/vc_row][vc_row row_height_percent=&#8220;50&#8243; override_padding=&#8220;yes&#8220; h_padding=&#8220;2&#8243; top_padding=&#8220;7&#8243; bottom_padding=&#8220;7&#8243; back_image=&#8220;86992&#8243; kburns=&#8220;yes&#8220; overlay_color=&#8220;color-jevc&#8220; overlay_alpha=&#8220;70&#8243; gutter_size=&#8220;3&#8243; column_width_percent=&#8220;100&#8243; shift_y=&#8220;0&#8243; z_index=&#8220;2&#8243; bottom_divider=&#8220;step_2_3&#8243;][vc_column column_width_use_pixel=&#8220;yes&#8220; position_vertical=&#8220;middle&#8220; align_horizontal=&#8220;align_center&#8220; gutter_size=&#8220;2&#8243; style=&#8220;dark&#8220; overlay_alpha=&#8220;50&#8243; shift_x=&#8220;0&#8243; shift_y=&#8220;0&#8243; shift_y_down=&#8220;0&#8243; shift_y_down_fixed=&#8220;yes&#8220; z_index=&#8220;0&#8243; medium_width=&#8220;0&#8243; align_mobile=&#8220;align_center_mobile&#8220; mobile_width=&#8220;0&#8243; width=&#8220;1\/1&#8243; column_width_pixel=&#8220;1000&#8243;][vc_empty_space empty_h=&#8220;5&#8243; mobile_visibility=&#8220;yes&#8220;][vc_empty_space empty_h=&#8220;5&#8243; mobile_visibility=&#8220;yes&#8220;][vc_row_inner limit_content=&#8220;&#8220;][vc_column_inner column_width_percent=&#8220;100&#8243; position_vertical=&#8220;middle&#8220; align_horizontal=&#8220;align_center&#8220; gutter_size=&#8220;2&#8243; style=&#8220;dark&#8220; overlay_alpha=&#8220;50&#8243; shift_x=&#8220;0&#8243; shift_y=&#8220;0&#8243; shift_y_down=&#8220;0&#8243; z_index=&#8220;0&#8243; medium_width=&#8220;0&#8243; mobile_width=&#8220;0&#8243; css_animation=&#8220;top-t-bottom&#8220; animation_delay=&#8220;200&#8243; width=&#8220;1\/1&#8243;][vc_custom_heading text_size=&#8220;h1&#8243; text_weight=&#8220;600&#8243; title=&#8220;&#8220;]The Key[\/vc_custom_heading][vc_column_text][\/vc_column_text][vc_separator sep_color=&#8220;accent&#8220; el_width=&#8220;60px&#8220; el_height=&#8220;1px&#8220;][vc_custom_heading text_size=&#8220;h3&#8243; text_weight=&#8220;600&#8243;]H\u00e4lt den Klavierdeckel halb offen![\/vc_custom_heading][\/vc_column_inner][\/vc_row_inner][vc_empty_space empty_h=&#8220;2&#8243;][vc_row_inner row_inner_height_percent=&#8220;0&#8243; overlay_alpha=&#8220;50&#8243; gutter_size=&#8220;3&#8243; shift_y=&#8220;0&#8243; z_index=&#8220;0&#8243; limit_content=&#8220;&#8220;][vc_column_inner column_width_percent=&#8220;100&#8243; position_vertical=&#8220;middle&#8220; align_horizontal=&#8220;align_center&#8220; gutter_size=&#8220;2&#8243; style=&#8220;dark&#8220; overlay_alpha=&#8220;50&#8243; shift_x=&#8220;0&#8243; shift_y=&#8220;0&#8243; shift_y_down=&#8220;0&#8243; z_index=&#8220;0&#8243; medium_width=&#8220;0&#8243; mobile_visibility=&#8220;yes&#8220; mobile_width=&#8220;0&#8243; width=&#8220;1\/4&#8243;][\/vc_column_inner][vc_column_inner column_width_percent=&#8220;100&#8243; position_vertical=&#8220;middle&#8220; align_horizontal=&#8220;align_center&#8220; gutter_size=&#8220;2&#8243; style=&#8220;dark&#8220; overlay_alpha=&#8220;50&#8243; shift_x=&#8220;0&#8243; shift_y=&#8220;0&#8243; shift_y_down=&#8220;0&#8243; z_index=&#8220;0&#8243; medium_width=&#8220;0&#8243; mobile_width=&#8220;0&#8243; css_animation=&#8220;bottom-t-top&#8220; animation_delay=&#8220;600&#8243; width=&#8220;1\/4&#8243;][vc_icon icon=&#8220;fa fa-play&#8220; icon_color=&#8220;color-186510&#8243; background_style=&#8220;fa-rounded&#8220; size=&#8220;fa-2x&#8220; icon_automatic=&#8220;yes&#8220; shadow=&#8220;yes&#8220; media_lightbox=&#8220;86823&#8243;][\/vc_icon][vc_custom_heading heading_semantic=&#8220;p&#8220; text_font=&#8220;font-762333&#8243; text_size=&#8220;&#8220; text_weight=&#8220;400&#8243;]Video anschauen[\/vc_custom_heading][\/vc_column_inner][vc_column_inner column_width_percent=&#8220;100&#8243; position_vertical=&#8220;middle&#8220; align_horizontal=&#8220;align_center&#8220; gutter_size=&#8220;2&#8243; style=&#8220;dark&#8220; overlay_alpha=&#8220;50&#8243; shift_x=&#8220;0&#8243; shift_y=&#8220;0&#8243; shift_y_down=&#8220;0&#8243; z_index=&#8220;0&#8243; medium_width=&#8220;0&#8243; mobile_width=&#8220;0&#8243; css_animation=&#8220;bottom-t-top&#8220; animation_delay=&#8220;600&#8243; width=&#8220;1\/4&#8243;][vc_icon icon=&#8220;fa fa-shopping-cart&#8220; icon_color=&#8220;color-117067&#8243; background_style=&#8220;fa-rounded&#8220; size=&#8220;fa-2x&#8220; icon_automatic=&#8220;yes&#8220; shadow=&#8220;yes&#8220; link=&#8220;url:http%3A%2F%2Fkeylogy.world%2Fde%2Fprodukt%2Fthe-key-2%2F|title:The%20Key&#8220;][\/vc_icon][vc_custom_heading heading_semantic=&#8220;p&#8220; text_font=&#8220;font-762333&#8243; text_size=&#8220;&#8220; text_weight=&#8220;400&#8243;]Kaufen[\/vc_custom_heading][\/vc_column_inner][vc_column_inner column_width_percent=&#8220;100&#8243; gutter_size=&#8220;3&#8243; overlay_alpha=&#8220;50&#8243; shift_x=&#8220;0&#8243; shift_y=&#8220;0&#8243; shift_y_down=&#8220;0&#8243; z_index=&#8220;0&#8243; medium_width=&#8220;0&#8243; mobile_visibility=&#8220;yes&#8220; mobile_width=&#8220;0&#8243; width=&#8220;1\/4&#8243;][\/vc_column_inner][\/vc_row_inner][vc_empty_space empty_h=&#8220;5&#8243; mobile_visibility=&#8220;yes&#8220;][vc_empty_space empty_h=&#8220;5&#8243; mobile_visibility=&#8220;yes&#8220;][\/vc_column][\/vc_row][vc_row unlock_row_content=&#8220;yes&#8220; row_height_percent=&#8220;100&#8243; back_image=&#8220;87158&#8243; overlay_alpha=&#8220;50&#8243; equal_height=&#8220;yes&#8220; gutter_size=&#8220;0&#8243; column_width_use_pixel=&#8220;yes&#8220; shift_y=&#8220;0&#8243; z_index=&#8220;0&#8243; column_width_pixel=&#8220;1400&#8243;][vc_column column_width_percent=&#8220;100&#8243; position_vertical=&#8220;middle&#8220; align_horizontal=&#8220;align_center&#8220; gutter_size=&#8220;3&#8243; override_padding=&#8220;yes&#8220; column_padding=&#8220;0&#8243; overlay_alpha=&#8220;50&#8243; shift_x=&#8220;0&#8243; shift_y=&#8220;0&#8243; shift_y_down=&#8220;0&#8243; z_index=&#8220;0&#8243; medium_width=&#8220;0&#8243; mobile_width=&#8220;0&#8243; width=&#8220;1\/1&#8243;][vc_row_inner limit_content=&#8220;&#8220;][vc_column_inner column_width_percent=&#8220;100&#8243; position_vertical=&#8220;middle&#8220; align_horizontal=&#8220;align_center&#8220; gutter_size=&#8220;3&#8243; overlay_alpha=&#8220;50&#8243; shift_x=&#8220;0&#8243; shift_y=&#8220;0&#8243; shift_y_down=&#8220;0&#8243; z_index=&#8220;0&#8243; medium_width=&#8220;0&#8243; mobile_width=&#8220;0&#8243; width=&#8220;1\/1&#8243;][vc_custom_heading text_color=&#8220;color-186510&#8243; text_size=&#8220;h1&#8243; text_weight=&#8220;600&#8243; css_animation=&#8220;top-t-bottom&#8220; animation_delay=&#8220;200&#8243; title=&#8220;&#8220;]Unsere Produkte[\/vc_custom_heading][\/vc_column_inner][\/vc_row_inner][uncode_index el_id=&#8220;index-15687&#8243; isotope_mode=&#8220;fitRows&#8220; loop=&#8220;size:3|order_by:date|order:DESC|post_type:product|taxonomy_count:10&#8243; gutter_size=&#8220;2&#8243; post_items=&#8220;title,media,text,link,author,date,category,extra&#8220; page_items=&#8220;title,media,text,category&#8220; product_items=&#8220;title,media|featured|onpost|original|hide-sale|enhanced-atc|inherit-w-atc|hide-atc,price|inline,spacer|half,link|default|small_size|\u00c4hnliche Produkte&#8220; portfolio_items=&#8220;title,media,text,category&#8220; screen_lg=&#8220;900&#8243; screen_md=&#8220;600&#8243; screen_sm=&#8220;480&#8243; images_size=&#8220;four-three&#8220; single_shape=&#8220;round&#8220; radius=&#8220;xs&#8220; single_overlay_opacity=&#8220;20&#8243; single_image_anim=&#8220;no&#8220; single_secondary=&#8220;yes&#8220; single_h_align=&#8220;center&#8220; single_padding=&#8220;1&#8243; single_title_semantic=&#8220;p&#8220; single_title_dimension=&#8220;h4&#8243; single_title_transform=&#8220;uppercase&#8220; single_border=&#8220;yes&#8220; single_css_animation=&#8220;bottom-t-top&#8220; single_animation_delay=&#8220;600&#8243; custom_order=&#8220;yes&#8220; no_double_tap=&#8220;yes&#8220; carousel_rtl=&#8220;&#8220; single_title_uppercase=&#8220;&#8220; filtering_menu=&#8220;inline&#8220; single_block_click=&#8220;&#8220; single_text_hover=&#8220;&#8220; single_no_background=&#8220;&#8220; single_title_serif=&#8220;&#8220; single_title_divider=&#8220;&#8220;][\/vc_column][\/vc_row]<\/p>\n<\/div>","protected":false},"excerpt":{"rendered":"<p>[vc_row row_height_percent=&#8220;100&#8243; override_padding=&#8220;yes&#8220; h_padding=&#8220;2&#8243; top_padding=&#8220;5&#8243; bottom_padding=&#8220;7&#8243; back_image=&#8220;87418&#8243; back_position=&#8220;center center&#8220; overlay_color=&#8220;color-nhtu&#8220; overlay_alpha=&#8220;10&#8243; gutter_size=&#8220;3&#8243; column_width_percent=&#8220;100&#8243; shift_y=&#8220;0&#8243; z_index=&#8220;0&#8243; enable_bottom_divider=&#8220;default&#8220; bottom_divider_inv=&#8220;book&#8220; shape_bottom_invert=&#8220;yes&#8220; shape_bottom_h_use_pixel=&#8220;&#8220; shape_bottom_height=&#8220;100&#8243; [&hellip;]<\/p>\n","protected":false},"author":1,"featured_media":0,"parent":0,"menu_order":0,"comment_status":"closed","ping_status":"closed","template":"","meta":{"footnotes":""},"class_list":["post-87199","page","type-page","status-publish","hentry"],"_links":{"self":[{"href":"https:\/\/keylogy.world\/de\/wp-json\/wp\/v2\/pages\/87199","targetHints":{"allow":["GET"]}}],"collection":[{"href":"https:\/\/keylogy.world\/de\/wp-json\/wp\/v2\/pages"}],"about":[{"href":"https:\/\/keylogy.world\/de\/wp-json\/wp\/v2\/types\/page"}],"author":[{"embeddable":true,"href":"https:\/\/keylogy.world\/de\/wp-json\/wp\/v2\/users\/1"}],"replies":[{"embeddable":true,"href":"https:\/\/keylogy.world\/de\/wp-json\/wp\/v2\/comments?post=87199"}],"version-history":[{"count":3,"href":"https:\/\/keylogy.world\/de\/wp-json\/wp\/v2\/pages\/87199\/revisions"}],"predecessor-version":[{"id":87441,"href":"https:\/\/keylogy.world\/de\/wp-json\/wp\/v2\/pages\/87199\/revisions\/87441"}],"wp:attachment":[{"href":"https:\/\/keylogy.world\/de\/wp-json\/wp\/v2\/media?parent=87199"}],"curies":[{"name":"wp","href":"https:\/\/api.w.org\/{rel}","templated":true}]}}