{"id":87212,"date":"2020-11-09T12:41:14","date_gmt":"2021-01-20T13:56:07","guid":{"rendered":"http:\/\/keylogy.world\/product\/der-halteband\/"},"modified":"2024-10-03T16:34:40","modified_gmt":"2024-10-03T14:34:40","slug":"halteband","status":"publish","type":"product","link":"https:\/\/keylogy.world\/de\/produkt\/halteband\/","title":{"rendered":"Halteband"},"content":{"rendered":"","protected":false},"excerpt":{"rendered":"<p>Gegen fliegende Notenbl\u00e4tter<\/p>\n<p>Je nach Klavier kann der Notenst\u00e4nder zu einer regelrechten Plage werden, von dem die Notenbl\u00e4tter beim leisesten Lufthauch herunterrutschen. Mit diesem gerillten Band k\u00f6nnen Sie ungest\u00f6rt spielen, ohne die Noten st\u00e4ndig vom Boden aufsammeln zu m\u00fcssen.<\/p>\n<p><strong>Lieferung in der Schweiz inbegriffen<\/strong><\/p>\n<p><strong>5% von 10 bestellten Produkten<\/strong><\/p>\n","protected":false},"featured_media":87213,"template":"","meta":[],"product_brand":[],"product_cat":[117],"product_tag":[],"class_list":{"0":"post-87212","1":"product","2":"type-product","3":"status-publish","4":"has-post-thumbnail","6":"product_cat-klavier","8":"first","9":"instock","10":"shipping-taxable","11":"purchasable","12":"product-type-simple"},"_links":{"self":[{"href":"https:\/\/keylogy.world\/de\/wp-json\/wp\/v2\/product\/87212","targetHints":{"allow":["GET"]}}],"collection":[{"href":"https:\/\/keylogy.world\/de\/wp-json\/wp\/v2\/product"}],"about":[{"href":"https:\/\/keylogy.world\/de\/wp-json\/wp\/v2\/types\/product"}],"wp:featuredmedia":[{"embeddable":true,"href":"https:\/\/keylogy.world\/de\/wp-json\/wp\/v2\/media\/87213"}],"wp:attachment":[{"href":"https:\/\/keylogy.world\/de\/wp-json\/wp\/v2\/media?parent=87212"}],"wp:term":[{"taxonomy":"product_brand","embeddable":true,"href":"https:\/\/keylogy.world\/de\/wp-json\/wp\/v2\/product_brand?post=87212"},{"taxonomy":"product_cat","embeddable":true,"href":"https:\/\/keylogy.world\/de\/wp-json\/wp\/v2\/product_cat?post=87212"},{"taxonomy":"product_tag","embeddable":true,"href":"https:\/\/keylogy.world\/de\/wp-json\/wp\/v2\/product_tag?post=87212"}],"curies":[{"name":"wp","href":"https:\/\/api.w.org\/{rel}","templated":true}]}}