{"id":87226,"date":"2020-12-08T12:30:39","date_gmt":"2021-01-20T13:58:41","guid":{"rendered":"http:\/\/keylogy.world\/product\/hand-fuehrung\/"},"modified":"2021-01-28T15:22:34","modified_gmt":"2021-01-28T14:22:34","slug":"hand-fuehrung","status":"publish","type":"product","link":"https:\/\/keylogy.world\/de\/produkt\/hand-fuehrung\/","title":{"rendered":"Hand-F\u00fchrung"},"content":{"rendered":"","protected":false},"excerpt":{"rendered":"<p>Die Hand-F\u00fchrung ist ein wertvolles Hilfsmittel f\u00fcr Klavier-Anf\u00e4nger.<\/p>\n<p>Diese Hand-F\u00fchrung sorgt bei Anf\u00e4ngern f\u00fcr richtige Handhaltung und vermittelt ihnen das Gef\u00fchl f\u00fcr den korrekten Anschlag.<\/p>\n<p>Wenn die Kante Ihres Klaviers nicht breit genug ist, um die Klemmen zu befestigen, k\u00f6nnen Sie die Hand-F\u00fchrung auch auf den Tasten fixieren.<\/p>\n<p><strong>Lieferung in der Schweiz inbegriffen <\/strong><\/p>\n<p><strong>5% von 5 bestellten Produkten<\/strong><\/p>\n","protected":false},"featured_media":87227,"template":"","meta":[],"product_brand":[],"product_cat":[117],"product_tag":[],"class_list":{"0":"post-87226","1":"product","2":"type-product","3":"status-publish","4":"has-post-thumbnail","6":"product_cat-klavier","8":"first","9":"instock","10":"shipping-taxable","11":"purchasable","12":"product-type-simple"},"_links":{"self":[{"href":"https:\/\/keylogy.world\/de\/wp-json\/wp\/v2\/product\/87226","targetHints":{"allow":["GET"]}}],"collection":[{"href":"https:\/\/keylogy.world\/de\/wp-json\/wp\/v2\/product"}],"about":[{"href":"https:\/\/keylogy.world\/de\/wp-json\/wp\/v2\/types\/product"}],"wp:featuredmedia":[{"embeddable":true,"href":"https:\/\/keylogy.world\/de\/wp-json\/wp\/v2\/media\/87227"}],"wp:attachment":[{"href":"https:\/\/keylogy.world\/de\/wp-json\/wp\/v2\/media?parent=87226"}],"wp:term":[{"taxonomy":"product_brand","embeddable":true,"href":"https:\/\/keylogy.world\/de\/wp-json\/wp\/v2\/product_brand?post=87226"},{"taxonomy":"product_cat","embeddable":true,"href":"https:\/\/keylogy.world\/de\/wp-json\/wp\/v2\/product_cat?post=87226"},{"taxonomy":"product_tag","embeddable":true,"href":"https:\/\/keylogy.world\/de\/wp-json\/wp\/v2\/product_tag?post=87226"}],"curies":[{"name":"wp","href":"https:\/\/api.w.org\/{rel}","templated":true}]}}